{"id":15,"date":"2021-06-13T20:43:40","date_gmt":"2021-06-13T17:43:40","guid":{"rendered":"https:\/\/www.eksenstitu.org.tr\/sosyalsaglik\/?page_id=15"},"modified":"2025-11-25T14:36:00","modified_gmt":"2025-11-25T11:36:00","slug":"anasayfa","status":"publish","type":"page","link":"https:\/\/www.eksenstitu.org.tr\/sosyalsaglik\/","title":{"rendered":"Anasayfa"},"content":{"rendered":"<p>[vc_row][vc_column width=&#8221;1\/5&#8243; css=&#8221;.vc_custom_1623881604087{border-top-width: 1px !important;border-right-width: 1px !important;border-bottom-width: 1px !important;border-left-width: 1px !important;border-left-color: #6b97bf !important;border-left-style: solid !important;border-right-color: #6b97bf !important;border-right-style: solid !important;border-top-color: #6b97bf !important;border-top-style: solid !important;border-bottom-color: #6b97bf !important;border-bottom-style: solid !important;}&#8221;][vc_raw_html]JTA5JTA5JTNDZGl2JTIwaWQlM0QlMjdnYWxsZXJ5LTElMjclMjBjbGFzcyUzRCUyN2R0LWdhbGxlcnktY29udGFpbmVyJTIwZ2FsbGVyeSUyMGdhbGxlcnlpZC0xNSUyMGdhbGxlcnktY29sdW1ucy0xJTIwZ2FsbGVyeS1zaXplLWZ1bGwlMjclM0UlM0NkbCUyMGNsYXNzJTNEJTI3Z2FsbGVyeS1pdGVtJTI3JTNFJTBBJTA5JTA5JTA5JTA5JTNDZHQlMjBjbGFzcyUzRCUyN2dhbGxlcnktaWNvbiUyMHBvcnRyYWl0JTI3JTNFJTBBJTA5JTA5JTA5JTA5JTA5JTNDYSUyMGNsYXNzJTNEJTIycm9sbG92ZXIlMjByb2xsb3Zlci16b29tJTIwZHQtcHN3cC1pdGVtJTIyJTIwdGl0bGUlM0QlMjJTb3N5YWwlMjBTYSVDNCU5RmwlQzQlQjFrJTIyJTIwZGF0YS1kdC1pbWctZGVzY3JpcHRpb24lM0QlMjIlMjIlMjBkYXRhLWxhcmdlX2ltYWdlX3dpZHRoJTNEJTIyMjAwcHglMjIlMjBkYXRhLWxhcmdlX2ltYWdlX2hlaWdodCUzRCUyMjMwMCUyMmhyZWYlM0QlMjdodHRwcyUzQSUyRiUyRnd3dy5la3NlbnN0aXR1Lm9yZy50ciUyRnNvc3lhbHNhZ2xpayUyRndwLWNvbnRlbnQlMkZ1cGxvYWRzJTJGc2l0ZXMlMkY4JTJGMjAyMSUyRjEwJTJGU09TWUFMLVNBR0xJSy1oYWtlbWxpX3BhZ2UtMDAwMS5qcGclMjclM0UlM0NpbWclMjB3aWR0aCUzRCUyMjIwMCUyMiUyMGhlaWdodCUzRCUyMjMwMCUyMiUyMHNyYyUzRCUyMmh0dHBzJTNBJTJGJTJGd3d3LmVrc2Vuc3RpdHUub3JnLnRyJTJGc29zeWFsc2FnbGlrJTJGd3AtY29udGVudCUyRnVwbG9hZHMlMkZzaXRlcyUyRjglMkYyMDIxJTJGMTAlMkZTT1NZQUwtU0FHTElLLWhha2VtbGlfcGFnZS0wMDAxLmpwZyUyMiUyMGNsYXNzJTNEJTIyYXR0YWNobWVudC1mdWxsJTIwc2l6ZS1mdWxsJTIyJTIwYWx0JTNEJTIyJTIyJTIwbG9hZGluZyUzRCUyMmxhenklMjIlMjAlMkYlM0UlM0MlMkZhJTNFJTBBJTA5JTA5JTA5JTA5JTNDJTJGZHQlM0UlM0MlMkZkbCUzRSUzQ2JyJTIwc3R5bGUlM0QlMjJjbGVhciUzQSUyMGJvdGglMjIlMjAlMkYlM0UlMEElMDklMDklMDklM0MlMkZkaXYlM0UlMEElM0NiciUzRSUwQSUwQSUzQ2RpdiUyMGlkJTNEJTIyY3VzdG9tX2h0bWwtNCUyMiUyMGNsYXNzJTNEJTIyd2lkZ2V0X3RleHQlMjB3aWRnZXQlMjB3aWRnZXRfY3VzdG9tX2h0bWwlMjIlM0UlM0NoNCUyMGNsYXNzJTNEJTIyd2lkZ2V0LXRpdGxlJTIyJTNFU2F5JUM0JUIxbGFyJTNDJTJGaDQlM0UlM0NkaXYlMjBjbGFzcyUzRCUyMnRleHR3aWRnZXQlMjBjdXN0b20taHRtbC13aWRnZXQlMjIlM0UlM0NpJTIwY2xhc3MlM0QlMjJmYSUyMGZhLWNhcmV0LWRvd24lMjIlM0UlM0MlMkZpJTNFJTIwMjAyMSUzQ2JyJTNFJTBBJTNDaSUyMGNsYXNzJTNEJTIyZmFzJTIwZmEtbWludXMlMjBmYS1zbSUyMHRleHQtbXV0ZWQlMjIlM0UlM0MlMkZpJTNFJTNDYSUzRUNpbHQlM0ElMjAxJTIwU2F5JUM0JUIxJTNBJTIwMSUyMC0lMjBFeWwlQzMlQkNsJTNDJTJGYSUzRSUzQyUyRmRpdiUzRSUzQyUyRmRpdiUzRQ==[\/vc_raw_html][vc_custom_heading text=&#8221;Duyurular&#8221; font_container=&#8221;tag:h3|text_align:left|color:%23000000&#8243;][vc_raw_html]JTNDbWFycXVlZSUyMGRpcmVjdGlvbiUzRCUyMnVwJTIyJTIwb25tb3VzZW92ZXIlM0QlMjJ0aGlzLnN0b3AlMjglMjklM0IlMjIlMjBvbm1vdXNlb3V0JTNEJTIydGhpcy5zdGFydCUyOCUyOSUzQnRoaXMuc2V0QXR0cmlidXRlJTI4JTI3c2Nyb2xsYW1vdW50JTI3JTJDJTIwNCUyQyUyMDAlMjklM0IlMjIlMjBzY3JvbGxhbW91bnQlM0QlMjI0JTIyJTIwYmVoYXZpb3IlM0QlMjJzY3JvbGwlMjIlMjBzdHlsZSUzRCUyMm1heC1oZWlnaHQlM0EyMDBweCUzQmJhY2tncm91bmQtY29sb3IlM0F0cmFuc3BhcmVudCUzQmNvbG9yJTNBJTIzYWEyMjIyJTIwJTIxaW1wb3J0YW50JTNCJTIyJTNFJTIwJTIwJTNDYSUyMGhyZWYlM0QlMjJodHRwcyUzQSUyRiUyRnd3dy5la3NlbnN0aXR1Lm9yZy50ciUyRnNvc3lhbHNhZ2xpayUyRm1ha2FsZS1nb25kZXIlMkYlMjIlM0VNYXJ0JTIwMjAyMiUyMHNheSVDNCVCMXMlQzQlQjElMjBpJUMzJUE3aW4lMjBtYWthbGUlMjBrYWJ1bCVDMyVCQ20lQzMlQkN6JTIwYmElQzUlOUZsYW0lQzQlQjElQzUlOUZ0JUM0JUIxci4lM0MlMkZhJTNFJTBBJTBBJTNDcCUyMHN0eWxlJTNEJTIybGluZS1oZWlnaHQlM0E1MHB4JTNCJTIyJTNFJTBBJTNDYnIlM0UlMEElM0MlMkZwJTNFJTBBJTBBJTNDYSUyMGhyZWYlM0QlMjJodHRwcyUzQSUyRiUyRnd3dy5la3NlbnN0aXR1Lm9yZy50ciUyRnNvc3lhbHNhZ2xpayUyRndwLWNvbnRlbnQlMkZ1cGxvYWRzJTJGc2l0ZXMlMkY4JTJGMjAyMSUyRjEwJTJGU29zeWFsLVNhZ2xpay1DMS1TMS1FeWx1bC0yMDIxLVRBTS1ET1NZQS5wZGYlMjIlM0UlMjBFeWwlQzMlQkNsJTIwMjAyMSUyMHNheSVDNCVCMW0lQzQlQjF6JTIweWF5JUM0JUIxbmxhbm0lQzQlQjElQzUlOUZ0JUM0JUIxci4lM0MlMkZhJTNFJTBBJTBBJTNDJTJGbWFycXVlZSUzRSUyMCUwQQ==[\/vc_raw_html][\/vc_column][vc_column width=&#8221;1\/2&#8243;][vc_custom_heading text=&#8221;Son Say\u0131&#8221;][vc_column_text]<\/p>\r\n<p>Dergimiz DERG\u0130PARK&#8217;ta eri\u015fime a\u00e7\u0131lm\u0131\u015ft\u0131r.<\/p>\r\n<p>Adresimiz: <a href=\"https:\/\/dergipark.org.tr\/tr\/pub\/sosyalsaglik\">https:\/\/dergipark.org.tr\/tr\/pub\/sosyalsaglik<\/a><\/p>\r\n<p>\u00c7al\u0131\u015fmalar\u0131n\u0131z\u0131 Dergipark \u00fczerinden g\u00f6nderebilirsiniz.<\/p>\r\n<p>Dergimizin \u00f6nceki say\u0131lar\u0131na DERG\u0130PARK \u00fczerinden ula\u015fabilece\u011finiz gibi <a href=\"https:\/\/drive.google.com\/drive\/folders\/1Kvk2Gtmo8WFsmmIFL_Uv8I3mFSKhWeoB?usp=share_link\">buradan<\/a> da ula\u015fabilirsiniz.<\/p>\r\n<p>&nbsp;<\/p>\r\n<p>Dergimizin Mart 2022 say\u0131s\u0131na <a href=\"https:\/\/drive.google.com\/file\/d\/1EQYasvfmOrEqNvN2HIQKIK4PRsavmz_B\/view?usp=sharing\">buradan<\/a> ula\u015fabilirsiniz.<\/p>\r\n<p>Mart 2022 say\u0131s\u0131na ait makalelerin dosyalar\u0131na <a href=\"https:\/\/drive.google.com\/drive\/folders\/1EaiKhTzeoB7qk1FSyDlWFy8vs4tSXn_Q?usp=sharing\">buradan<\/a> ula\u015fabilirsiniz.<\/p>\r\n<p>Dergimizin Eyl\u00fcl 2021 say\u0131s\u0131 yay\u0131mlanm\u0131\u015ft\u0131r. Tam say\u0131 dosyas\u0131na ve makalelere <a href=\"https:\/\/www.eksenstitu.org.tr\/sosyalsaglik\/sonsayi\/\" target=\"_blank\" rel=\"noopener\">buradan<\/a> ula\u015fabilirsiniz.<\/p>\r\n<p>[\/vc_column_text][vc_separator][vc_column_text]<\/p>\r\n<ul class=\"wp-block-list\">\r\n<li>Sosyal Sa\u011fl\u0131k Dergisi hakemli, akademik, s\u00fcreli ve elektronik ortamda yay\u0131nlanan bir sosyal ve be\u015feri bilimler dergisidir.<\/li>\r\n<li>Sosyal Sa\u011fl\u0131k Dergisi&#8217;nde sosyoloji, sosyal hizmet, psikoloji ve sosyal refah alanlar\u0131nda \u00f6zg\u00fcn ara\u015ft\u0131rma, de\u011ferlendirme (makale, kitap, bilimsel toplant\u0131), inceleme, \u00e7eviri, bildiri ve r\u00f6portaj t\u00fcr\u00fc \u00e7al\u0131\u015fmalar yay\u0131mlan\u0131r.<\/li>\r\n<li>Derginin yay\u0131n dili T\u00fcrk\u00e7e ve \u0130ngilizce&#8217;dir.<\/li>\r\n<li>Dergi Mart ve Eyl\u00fcl aylar\u0131nda yay\u0131nlan\u0131r.<\/li>\r\n<li>Makaleler, en az iki hakem taraf\u0131ndan \u00e7ift tarafl\u0131 k\u00f6r hakemlik de\u011ferlendirmesine tabi tutulur.\u00a0Makale yay\u0131nlamak i\u00e7in herhangi bir \u00fccret \u00f6denmemektedir.<\/li>\r\n<li><strong>Makale Kabul Tarihleri:\u00a0<\/strong>Mart Say\u0131s\u0131 \u0130\u00e7in: 10 Ekim &#8211; 31 Ocak. Eyl\u00fcl Say\u0131s\u0131 \u0130\u00e7in: 10 Nisan &#8211; 31 Temmuz.\u00a0Makale yo\u011funlu\u011funa g\u00f6re tarihlerde de\u011fi\u015fiklik olabilmektedir.<\/li>\r\n<li>Sosyal Sa\u011fl\u0131k Dergisi&#8217;ne g\u00f6nderilen makalelerin hacmi -edit\u00f6r kurulu karar\u0131 istisna- kaynak\u00e7a ve dipnotlarla birlikte 7000 kelimeyi ge\u00e7memelidir. De\u011ferlendirme t\u00fcr\u00fc \u00e7al\u0131\u015fmalar 4000 kelimeyi a\u015fmamal\u0131d\u0131r.<\/li>\r\n<li>B\u00fct\u00fcn \u00e7al\u0131\u015fmalar yaz\u0131m kurallar\u0131na uygun olarak d\u00fczenlenmelidir.<\/li>\r\n<li>Yazarlar\u0131n\u00a0<strong>ORCID\u00a0<\/strong>numaras\u0131n\u0131 eklemesi gerekmektedir.<\/li>\r\n<\/ul>\r\n<p>\r\n\r\n[\/vc_column_text][\/vc_column][vc_column width=&#8221;1\/4&#8243;][vc_row_inner][vc_column_inner css=&#8221;.vc_custom_1629830513822{border-top-width: 1px !important;border-right-width: 1px !important;border-bottom-width: 1px !important;border-left-width: 1px !important;border-left-color: #789ebf !important;border-left-style: solid !important;border-right-color: #789ebf !important;border-right-style: solid !important;border-top-color: #789ebf !important;border-top-style: solid !important;border-bottom-color: #789ebf !important;border-bottom-style: solid !important;}&#8221;][vc_raw_html]JTNDZGl2JTIwaWQlM0QlMjJwb2x5bGFuZy0zJTIyJTIwY2xhc3MlM0QlMjJ3aWRnZXQlMjB3aWRnZXRfcG9seWxhbmclMjIlM0UlM0NoMyUyMGNsYXNzJTNEJTIyd2lkZ2V0dGl0bGUlMjB3aWRnZXQtdGl0bGUlMjIlM0VEaWwlM0MlMkZoMyUzRSUzQ2xhYmVsJTIwY2xhc3MlM0QlMjJzY3JlZW4tcmVhZGVyLXRleHQlMjIlMjBmb3IlM0QlMjJsYW5nX2Nob2ljZV9wb2x5bGFuZy0zJTIyJTNFVHJhbnNsYXRlJTNDJTJGbGFiZWwlM0UlM0NzZWxlY3QlMjBuYW1lJTNEJTIybGFuZ19jaG9pY2VfcG9seWxhbmctMyUyMiUyMGlkJTNEJTIybGFuZ19jaG9pY2VfcG9seWxhbmctMyUyMiUzRSUwQSUwOSUzQ29wdGlvbiUyMHZhbHVlJTNEJTIydHIlMjIlMjBzZWxlY3RlZCUzRCUyN3NlbGVjdGVkJTI3JTNFVCVDMyVCQ3JrJUMzJUE3ZSUzQyUyRm9wdGlvbiUzRSUwQSUwOSUzQ29wdGlvbiUyMHZhbHVlJTNEJTIyZW4lMjIlM0VFbmdsaXNoJTNDJTJGb3B0aW9uJTNFJTBBJTBBJTNDJTJGc2VsZWN0JTNFJTNDJTJGZGl2JTNFJTBBJTBBJTNDc2NyaXB0JTIwdHlwZSUzRCUyMnRleHQlMkZqYXZhc2NyaXB0JTIyJTNFJTBBJTA5JTA5JTA5JTA5JTA5JTJGJTJGJTNDJTIxJTVCQ0RBVEElNUIlMEElMDklMDklMDklMDklMDl2YXIlMjB1cmxzX3BvbHlsYW5nMyUyMCUzRCUyMCU3QiUyMnRyJTIyJTNBJTIyaHR0cHMlM0ElNUMlMkYlNUMlMkZ3d3cuZWtzZW5zdGl0dS5vcmcudHIlNUMlMkZzb3N5YWxzYWdsaWslNUMlMkYlMjIlMkMlMjJlbiUyMiUzQSUyMmh0dHBzJTNBJTVDJTJGJTVDJTJGd3d3LmVrc2Vuc3RpdHUub3JnLnRyJTVDJTJGc29zeWFsc2FnbGlrJTVDJTJGYW5hc2F5ZmEtZW5nbGlzaCU1QyUyRiUyMiU3RCUzQiUwQSUwOSUwOSUwOSUwOSUwOWRvY3VtZW50LmdldEVsZW1lbnRCeUlkJTI4JTIwJTIybGFuZ19jaG9pY2VfcG9seWxhbmctMyUyMiUyMCUyOS5vbmNoYW5nZSUyMCUzRCUyMGZ1bmN0aW9uJTI4JTI5JTIwJTdCJTBBJTA5JTA5JTA5JTA5JTA5JTA5bG9jYXRpb24uaHJlZiUyMCUzRCUyMHVybHNfcG9seWxhbmczJTVCdGhpcy52YWx1ZSU1RCUzQiUwQSUwOSUwOSUwOSUwOSUwOSU3RCUwQSUwOSUwOSUwOSUwOSUwOSUyRiUyRiU1RCU1RCUzRSUwQSUwOSUwOSUwOSUwOSUzQyUyRnNjcmlwdCUzRQ==[\/vc_raw_html][vc_wp_search title=&#8221;Dergide Ara&#8221;][\/vc_column_inner][\/vc_row_inner][vc_row_inner][vc_column_inner css=&#8221;.vc_custom_1623881718397{border-top-width: 1px !important;border-right-width: 1px !important;border-bottom-width: 1px !important;border-left-width: 1px !important;border-left-color: #789ebf !important;border-left-style: solid !important;border-right-color: #789ebf !important;border-right-style: solid !important;border-top-color: #789ebf !important;border-top-style: solid !important;border-bottom-color: #789ebf !important;border-bottom-style: solid !important;}&#8221;][vc_raw_html]JTNDc3R5bGUlM0UlMEElMDkuY2FyZC1ib2R5JTdCJTBBJTIwJTIwJTIwJTIwJTIwJTIwJTIwJTIwJTBBJTA5JTdEJTBBJTA5LmJ1dG9uJTdCJTBBJTA5JTA5dGV4dC1hbGlnbiUzQSUyMGNlbnRlciUzQiUwQSUwOSUwOXdpZHRoJTNBJTIwMTAwJTI1JTNCJTBBJTA5JTA5aGVpZ2h0JTNBJTIwMTAwJTI1JTNCJTBBJTA5JTA5Y29sb3IlM0ElMjB3aGl0ZSUzQiUwQSUyMCUyMCUyMCUyMCUyMCUyMCUyMCUyMCUyMCUyMCUyMCUyMCUyMCUyMCUyMCUyMGJhY2tncm91bmQtY29sb3IlM0ElMjAlMjMxMTQ2NjclMjAlM0IlMEElMjAlMjAlMjAlMjAlMjAlMjAlMjAlMjAlMjAlMjAlMjAlMjAlMjAlMjAlMjAlMjBmb250LXNpemUlM0ElMjAxNnB4JTNCJTBBJTIwJTIwJTIwJTIwJTIwJTIwJTIwJTIwJTIwJTIwJTIwJTIwJTIwJTIwJTIwJTIwcGFkZGluZyUzQSUyMDE0cHglMjAyOHB4JTNCJTBBJTIwJTIwJTIwJTIwJTIwJTIwJTIwJTIwJTIwJTIwJTIwJTIwJTIwJTIwJTIwJTIwZm9udC13ZWlnaHQlM0ElMjBib2xkJTNCJTBBJTIwJTIwJTIwJTIwJTIwJTIwJTIwJTIwJTIwJTIwJTIwJTIwJTIwJTIwJTIwJTIwbWFyZ2luLWJvdHRvbSUzQSUyMDVweCUzQiUwQSUyMCUyMCUyMCUyMCUyMCUyMCUyMCUyMCUyMCUyMCUyMCUyMCUyMCUyMCUyMCUyMG1hcmdpbi10b3AlM0ElMjA1cHglM0IlMEElMDklN0QlMEElMjAlMjAlMjAlMjAlMjAlMjAlMjAlMjAuYnV0b25iZXlheiU3QiUwQSUwOSUwOXRleHQtYWxpZ24lM0ElMjBjZW50ZXIlM0IlMEElMDklMDl3aWR0aCUzQSUyMDEwMCUyNSUzQiUwQSUwOSUwOWhlaWdodCUzQSUyMDEwMCUyNSUzQiUwQSUwOSUwOWNvbG9yJTNBJTIwJTIzMDA3M2IxJTNCJTBBJTIwJTIwJTIwJTIwJTIwJTIwJTIwJTIwJTIwJTIwJTIwJTIwJTIwJTIwJTIwJTIwYmFja2dyb3VuZC1jb2xvciUzQSUyMCUyM2Y3ZjdmNyUzQiUwQSUyMCUyMCUyMCUyMCUyMCUyMCUyMCUyMCUyMCUyMCUyMCUyMCUyMCUyMCUyMCUyMGZvbnQtc2l6ZSUzQSUyMDE2cHglM0IlMEElMjAlMjAlMjAlMjAlMjAlMjAlMjAlMjAlMjAlMjAlMjAlMjAlMjAlMjAlMjAlMjBwYWRkaW5nJTNBJTIwMTRweCUyMDI1cHglM0IlMEElMjAlMjAlMjAlMjAlMjAlMjAlMjAlMjAlMjAlMjAlMjAlMjAlMjAlMjAlMjAlMjBmb250LXdlaWdodCUzQSUyMGJvbGQlM0IlMEElMDklN0QlMEElMjAlMjAlMjAlMjAlMjAlMjAlMjAlMjAub3J0YWxhJTdCJTBBJTIwJTIwJTIwJTIwJTIwJTIwJTIwJTIwJTIwJTIwJTIwJTIwJTIwJTIwJTIwJTIwdGV4dC1hbGlnbiUzQSUyMGNlbnRlciUzQiUwQSUyMCUyMCUyMCUyMCUyMCUyMCUyMCUyMCU3RCUwQSUwOS5yZW5rJTdCJTBBJTA5JTA5Y29sb3IlM0ElMjAlMjMzMmFmZGYlM0IlMEElMDklN0QlMEElM0MlMkZzdHlsZSUzRSUwQSUwQSUzQ2RpdiUyMGNsYXNzJTNEJTIyY2FyZC1ib2R5JTIyJTNFJTBBJTNDaDQlMjBjbGFzcyUzRCUyMm9ydGFsYSUyMHJlbmslMjIlM0VNYWthbGUlMjBHJUMzJUI2bmRlcmltJTIwVGFyaWhsZXJpJTNDJTJGaDQlM0UlMEElM0NociUyMGNsYXNzJTNEJTIyb3J0YWxhJTIwcmVuayUyMiUzRSUwQSUzQ3NwYW4lM0UlM0NpJTIwY2xhc3MlM0QlMjJpY29tb29uLXRoZTctZm9udC10aGU3LXNvcnQtMDIlMjByZW5rJTIyJTNFJTNDJTJGaSUzRSUyMCUzQ2IlM0VNYXJ0JTIwU2F5JUM0JUIxcyVDNCVCMSUzQSUzQyUyRmIlM0UlMjAxMCUyMEVraW0lMjAtJTIwMzElMjBPY2FrJTNDJTJGc3BhbiUzRSUzQ2JyJTNFJTBBJTNDc3BhbiUzRSUzQ2klMjBjbGFzcyUzRCUyMmljb21vb24tdGhlNy1mb250LXRoZTctc29ydC0wMiUyMHJlbmslMjIlM0UlM0MlMkZpJTNFJTIwJTNDYiUzRUV5bCVDMyVCQ2wlMjBTYXklQzQlQjFzJUM0JUIxJTNBJTNDJTJGYiUzRSUyMDEwJTIwTmlzYW4lMjAtJTIwMzElMjBUZW1tdXolM0MlMkZzcGFuJTNFJTBBJTNDYnV0dG9uJTIwb25jbGljayUzRCUyMmxvY2F0aW9uLmhyZWYlM0QlMjdodHRwcyUzQSUyRiUyRnd3dy5la3NlbnN0aXR1Lm9yZy50ciUyRnNvc3lhbHNhZ2xpayUyRm1ha2FsZS1nb25kZXIlMjclMjIlMjB0eXBlJTNEJTIyYnV0dG9uJTIwcmVuayUyMiUyMGNsYXNzJTNEJTIyYnV0b24lMjIlM0VNYWthbGUlMjBHJUMzJUI2bmRlciUzQyUyRmJ1dHRvbiUzRSUwQSUzQyUyRmRpdiUzRQ==[\/vc_raw_html][\/vc_column_inner][\/vc_row_inner][vc_row_inner][vc_column_inner css=&#8221;.vc_custom_1623881718397{border-top-width: 1px !important;border-right-width: 1px !important;border-bottom-width: 1px !important;border-left-width: 1px !important;border-left-color: #789ebf !important;border-left-style: solid !important;border-right-color: #789ebf !important;border-right-style: solid !important;border-top-color: #789ebf !important;border-top-style: solid !important;border-bottom-color: #789ebf !important;border-bottom-style: solid !important;}&#8221;][vc_wp_custommenu nav_menu=&#8221;19&#8243;][\/vc_column_inner][\/vc_row_inner][\/vc_column][\/vc_row]<\/p>","protected":false},"excerpt":{"rendered":"<p>[vc_row][vc_column width=&#8221;1\/5&#8243; css=&#8221;.vc_custom_1623881604087{border-top-width: 1px !important;border-right-width: 1px !important;border-bottom-width: 1px !important;border-left-width: 1px !important;border-left-color: #6b97bf !important;border-left-style: solid !important;border-right-color: #6b97bf !important;border-right-style: solid !important;border-top-color: #6b97bf !important;border-top-style: solid !important;border-bottom-color: #6b97bf !important;border-bottom-style: solid !important;}&#8221;][vc_raw_html]JTA5JTA5JTNDZGl2JTIwaWQlM0QlMjdnYWxsZXJ5LTElMjclMjBjbGFzcyUzRCUyN2R0LWdhbGxlcnktY29udGFpbmVyJTIwZ2FsbGVyeSUyMGdhbGxlcnlpZC0xNSUyMGdhbGxlcnktY29sdW1ucy0xJTIwZ2FsbGVyeS1zaXplLWZ1bGwlMjclM0UlM0NkbCUyMGNsYXNzJTNEJTI3Z2FsbGVyeS1pdGVtJTI3JTNFJTBBJTA5JTA5JTA5JTA5JTNDZHQlMjBjbGFzcyUzRCUyN2dhbGxlcnktaWNvbiUyMHBvcnRyYWl0JTI3JTNFJTBBJTA5JTA5JTA5JTA5JTA5JTNDYSUyMGNsYXNzJTNEJTIycm9sbG92ZXIlMjByb2xsb3Zlci16b29tJTIwZHQtcHN3cC1pdGVtJTIyJTIwdGl0bGUlM0QlMjJTb3N5YWwlMjBTYSVDNCU5RmwlQzQlQjFrJTIyJTIwZGF0YS1kdC1pbWctZGVzY3JpcHRpb24lM0QlMjIlMjIlMjBkYXRhLWxhcmdlX2ltYWdlX3dpZHRoJTNEJTIyMjAwcHglMjIlMjBkYXRhLWxhcmdlX2ltYWdlX2hlaWdodCUzRCUyMjMwMCUyMmhyZWYlM0QlMjdodHRwcyUzQSUyRiUyRnd3dy5la3NlbnN0aXR1Lm9yZy50ciUyRnNvc3lhbHNhZ2xpayUyRndwLWNvbnRlbnQlMkZ1cGxvYWRzJTJGc2l0ZXMlMkY4JTJGMjAyMSUyRjEwJTJGU09TWUFMLVNBR0xJSy1oYWtlbWxpX3BhZ2UtMDAwMS5qcGclMjclM0UlM0NpbWclMjB3aWR0aCUzRCUyMjIwMCUyMiUyMGhlaWdodCUzRCUyMjMwMCUyMiUyMHNyYyUzRCUyMmh0dHBzJTNBJTJGJTJGd3d3LmVrc2Vuc3RpdHUub3JnLnRyJTJGc29zeWFsc2FnbGlrJTJGd3AtY29udGVudCUyRnVwbG9hZHMlMkZzaXRlcyUyRjglMkYyMDIxJTJGMTAlMkZTT1NZQUwtU0FHTElLLWhha2VtbGlfcGFnZS0wMDAxLmpwZyUyMiUyMGNsYXNzJTNEJTIyYXR0YWNobWVudC1mdWxsJTIwc2l6ZS1mdWxsJTIyJTIwYWx0JTNEJTIyJTIyJTIwbG9hZGluZyUzRCUyMmxhenklMjIlMjAlMkYlM0UlM0MlMkZhJTNFJTBBJTA5JTA5JTA5JTA5JTNDJTJGZHQlM0UlM0MlMkZkbCUzRSUzQ2JyJTIwc3R5bGUlM0QlMjJjbGVhciUzQSUyMGJvdGglMjIlMjAlMkYlM0UlMEElMDklMDklMDklM0MlMkZkaXYlM0UlMEElM0NiciUzRSUwQSUwQSUzQ2RpdiUyMGlkJTNEJTIyY3VzdG9tX2h0bWwtNCUyMiUyMGNsYXNzJTNEJTIyd2lkZ2V0X3RleHQlMjB3aWRnZXQlMjB3aWRnZXRfY3VzdG9tX2h0bWwlMjIlM0UlM0NoNCUyMGNsYXNzJTNEJTIyd2lkZ2V0LXRpdGxlJTIyJTNFU2F5JUM0JUIxbGFyJTNDJTJGaDQlM0UlM0NkaXYlMjBjbGFzcyUzRCUyMnRleHR3aWRnZXQlMjBjdXN0b20taHRtbC13aWRnZXQlMjIlM0UlM0NpJTIwY2xhc3MlM0QlMjJmYSUyMGZhLWNhcmV0LWRvd24lMjIlM0UlM0MlMkZpJTNFJTIwMjAyMSUzQ2JyJTNFJTBBJTNDaSUyMGNsYXNzJTNEJTIyZmFzJTIwZmEtbWludXMlMjBmYS1zbSUyMHRleHQtbXV0ZWQlMjIlM0UlM0MlMkZpJTNFJTNDYSUzRUNpbHQlM0ElMjAxJTIwU2F5JUM0JUIxJTNBJTIwMSUyMC0lMjBFeWwlQzMlQkNsJTNDJTJGYSUzRSUzQyUyRmRpdiUzRSUzQyUyRmRpdiUzRQ==[\/vc_raw_html][vc_custom_heading text=&#8221;Duyurular&#8221; font_container=&#8221;tag:h3|text_align:left|color:%23000000&#8243;][vc_raw_html]JTNDbWFycXVlZSUyMGRpcmVjdGlvbiUzRCUyMnVwJTIyJTIwb25tb3VzZW92ZXIlM0QlMjJ0aGlzLnN0b3AlMjglMjklM0IlMjIlMjBvbm1vdXNlb3V0JTNEJTIydGhpcy5zdGFydCUyOCUyOSUzQnRoaXMuc2V0QXR0cmlidXRlJTI4JTI3c2Nyb2xsYW1vdW50JTI3JTJDJTIwNCUyQyUyMDAlMjklM0IlMjIlMjBzY3JvbGxhbW91bnQlM0QlMjI0JTIyJTIwYmVoYXZpb3IlM0QlMjJzY3JvbGwlMjIlMjBzdHlsZSUzRCUyMm1heC1oZWlnaHQlM0EyMDBweCUzQmJhY2tncm91bmQtY29sb3IlM0F0cmFuc3BhcmVudCUzQmNvbG9yJTNBJTIzYWEyMjIyJTIwJTIxaW1wb3J0YW50JTNCJTIyJTNFJTIwJTIwJTNDYSUyMGhyZWYlM0QlMjJodHRwcyUzQSUyRiUyRnd3dy5la3NlbnN0aXR1Lm9yZy50ciUyRnNvc3lhbHNhZ2xpayUyRm1ha2FsZS1nb25kZXIlMkYlMjIlM0VNYXJ0JTIwMjAyMiUyMHNheSVDNCVCMXMlQzQlQjElMjBpJUMzJUE3aW4lMjBtYWthbGUlMjBrYWJ1bCVDMyVCQ20lQzMlQkN6JTIwYmElQzUlOUZsYW0lQzQlQjElQzUlOUZ0JUM0JUIxci4lM0MlMkZhJTNFJTBBJTBBJTNDcCUyMHN0eWxlJTNEJTIybGluZS1oZWlnaHQlM0E1MHB4JTNCJTIyJTNFJTBBJTNDYnIlM0UlMEElM0MlMkZwJTNFJTBBJTBBJTNDYSUyMGhyZWYlM0QlMjJodHRwcyUzQSUyRiUyRnd3dy5la3NlbnN0aXR1Lm9yZy50ciUyRnNvc3lhbHNhZ2xpayUyRndwLWNvbnRlbnQlMkZ1cGxvYWRzJTJGc2l0ZXMlMkY4JTJGMjAyMSUyRjEwJTJGU29zeWFsLVNhZ2xpay1DMS1TMS1FeWx1bC0yMDIxLVRBTS1ET1NZQS5wZGYlMjIlM0UlMjBFeWwlQzMlQkNsJTIwMjAyMSUyMHNheSVDNCVCMW0lQzQlQjF6JTIweWF5JUM0JUIxbmxhbm0lQzQlQjElQzUlOUZ0JUM0JUIxci4lM0MlMkZhJTNFJTBBJTBBJTNDJTJGbWFycXVlZSUzRSUyMCUwQQ==[\/vc_raw_html][\/vc_column][vc_column width=&#8221;1\/2&#8243;][vc_custom_heading text=&#8221;Son Say\u0131&#8221;][vc_column_text] Dergimiz DERG\u0130PARK&#8217;ta eri\u015fime a\u00e7\u0131lm\u0131\u015ft\u0131r. Adresimiz: https:\/\/dergipark.org.tr\/tr\/pub\/sosyalsaglik \u00c7al\u0131\u015fmalar\u0131n\u0131z\u0131 Dergipark \u00fczerinden g\u00f6nderebilirsiniz. Dergimizin \u00f6nceki say\u0131lar\u0131na DERG\u0130PARK \u00fczerinden ula\u015fabilece\u011finiz gibi buradan da ula\u015fabilirsiniz. &nbsp; Dergimizin Mart&hellip;<\/p>\n","protected":false},"author":1,"featured_media":0,"parent":0,"menu_order":0,"comment_status":"closed","ping_status":"closed","template":"","meta":{"footnotes":""},"class_list":["post-15","page","type-page","status-publish","hentry","description-off"],"_links":{"self":[{"href":"https:\/\/www.eksenstitu.org.tr\/sosyalsaglik\/wp-json\/wp\/v2\/pages\/15","targetHints":{"allow":["GET"]}}],"collection":[{"href":"https:\/\/www.eksenstitu.org.tr\/sosyalsaglik\/wp-json\/wp\/v2\/pages"}],"about":[{"href":"https:\/\/www.eksenstitu.org.tr\/sosyalsaglik\/wp-json\/wp\/v2\/types\/page"}],"author":[{"embeddable":true,"href":"https:\/\/www.eksenstitu.org.tr\/sosyalsaglik\/wp-json\/wp\/v2\/users\/1"}],"replies":[{"embeddable":true,"href":"https:\/\/www.eksenstitu.org.tr\/sosyalsaglik\/wp-json\/wp\/v2\/comments?post=15"}],"version-history":[{"count":133,"href":"https:\/\/www.eksenstitu.org.tr\/sosyalsaglik\/wp-json\/wp\/v2\/pages\/15\/revisions"}],"predecessor-version":[{"id":687,"href":"https:\/\/www.eksenstitu.org.tr\/sosyalsaglik\/wp-json\/wp\/v2\/pages\/15\/revisions\/687"}],"wp:attachment":[{"href":"https:\/\/www.eksenstitu.org.tr\/sosyalsaglik\/wp-json\/wp\/v2\/media?parent=15"}],"curies":[{"name":"wp","href":"https:\/\/api.w.org\/{rel}","templated":true}]}}