{"id":15,"date":"2021-06-13T20:43:40","date_gmt":"2021-06-13T17:43:40","guid":{"rendered":"https:\/\/www.eksenstitu.org.tr\/dergi\/?page_id=15"},"modified":"2022-05-01T00:17:27","modified_gmt":"2022-04-30T21:17:27","slug":"anasayfa","status":"publish","type":"page","link":"https:\/\/www.eksenstitu.org.tr\/dergi\/","title":{"rendered":"Anasayfa"},"content":{"rendered":"<p>[vc_row][vc_column width=&#8221;1\/5&#8243; css=&#8221;.vc_custom_1623881604087{border-top-width: 1px !important;border-right-width: 1px !important;border-bottom-width: 1px !important;border-left-width: 1px !important;border-left-color: #6b97bf !important;border-left-style: solid !important;border-right-color: #6b97bf !important;border-right-style: solid !important;border-top-color: #6b97bf !important;border-top-style: solid !important;border-bottom-color: #6b97bf !important;border-bottom-style: solid !important;}&#8221;][vc_raw_html]JTA5JTA5JTNDZGl2JTIwaWQlM0QlMjdnYWxsZXJ5LTElMjclMjBjbGFzcyUzRCUyN2R0LWdhbGxlcnktY29udGFpbmVyJTIwZ2FsbGVyeSUyMGdhbGxlcnlpZC0xNSUyMGdhbGxlcnktY29sdW1ucy0xJTIwZ2FsbGVyeS1zaXplLWZ1bGwlMjclMjBzdHlsZSUzRCUyMnRleHQtYWxpZ24tbGFzdCUzQSUyMGNlbnRlciUzQiUyMiUzRSUzQ2RsJTIwY2xhc3MlM0QlMjdnYWxsZXJ5LWl0ZW0lMjclM0UlMEElMDklMDklMDklMDklM0NkdCUyMGNsYXNzJTNEJTI3Z2FsbGVyeS1pY29uJTIwcG9ydHJhaXQlMjclM0UlMEElMDklMDklMDklMDklMDklM0NhJTIwY2xhc3MlM0QlMjJyb2xsb3ZlciUyMHJvbGxvdmVyLXpvb20lMjBkdC1wc3dwLWl0ZW0lMjIlMjB0aXRsZSUzRCUyMk5pc2FuJTIwMjAyMiUyMiUyMGRhdGEtZHQtaW1nLWRlc2NyaXB0aW9uJTNEJTIyJTIyJTIwZGF0YS1sYXJnZV9pbWFnZV93aWR0aCUzRCUyMjIwMCUyMiUyMGRhdGEtbGFyZ2VfaW1hZ2VfaGVpZ2h0JTNEJTIyMzAwJTIyaHJlZiUzRCUyN2h0dHBzJTNBJTJGJTJGd3d3LmVrc2Vuc3RpdHUub3JnLnRyJTJGZGVyZ2klMkZ3cC1jb250ZW50JTJGdXBsb2FkcyUyRnNpdGVzJTJGMyUyRjIwMjIlMkYwNCUyRmMyLXMyLTIwMjIuanBnJTI3JTNFJTNDaW1nJTIwd2lkdGglM0QlMjIyMDAlMjIlMjBoZWlnaHQlM0QlMjIzMDAlMjIlMjBzcmMlM0QlMjJodHRwcyUzQSUyRiUyRnd3dy5la3NlbnN0aXR1Lm9yZy50ciUyRmRlcmdpJTJGd3AtY29udGVudCUyRnVwbG9hZHMlMkZzaXRlcyUyRjMlMkYyMDIyJTJGMDQlMkZjMi1zMi0yMDIyLmpwZyUyMiUyMGNsYXNzJTNEJTIyYXR0YWNobWVudC1mdWxsJTIwc2l6ZS1mdWxsJTIyJTIwYWx0JTNEJTIyJTIyJTIwbG9hZGluZyUzRCUyMmxhenklMjIlMjAlMkYlM0UlM0MlMkZhJTNFJTBBJTA5JTA5JTA5JTA5JTNDJTJGZHQlM0UlM0MlMkZkbCUzRSUzQ2JyJTIwc3R5bGUlM0QlMjJjbGVhciUzQSUyMGJvdGglMjIlMjAlMkYlM0UlMEElMDklMDklMDklM0MlMkZkaXYlM0UlMEElM0NiciUzRSUwQSUwQSUzQ2RpdiUyMGlkJTNEJTIyY3VzdG9tX2h0bWwtNCUyMiUyMGNsYXNzJTNEJTIyd2lkZ2V0X3RleHQlMjB3aWRnZXQlMjB3aWRnZXRfY3VzdG9tX2h0bWwlMjIlM0UlM0NoNCUyMGNsYXNzJTNEJTIyd2lkZ2V0LXRpdGxlJTIyJTNFU2F5JUM0JUIxbGFyJTNDJTJGaDQlM0UlMEElMEElM0NkaXYlMjBjbGFzcyUzRCUyMnRleHR3aWRnZXQlMjBjdXN0b20taHRtbC13aWRnZXQlMjIlM0UlM0NpJTIwY2xhc3MlM0QlMjJmYSUyMGZhLWNhcmV0LWRvd24lMjIlM0UlM0MlMkZpJTNFJTIwMjAyMiUzQ2JyJTNFJTBBJTNDaSUyMGNsYXNzJTNEJTIyZmFzJTIwZmEtbWludXMlMjBmYS1zbSUyMHRleHQtbXV0ZWQlMjIlM0UlM0MlMkZpJTNFJTNDYSUyMHRhcmdldCUzRCUyMl9ibGFuayUyMiUyMGhyZWYlM0QlMjJodHRwcyUzQSUyRiUyRnd3dy5la3NlbnN0aXR1Lm9yZy50ciUyRmRlcmdpJTJGYXJzaXYlMkYlMjNjMnMyJTIyJTNFQ2lsdCUzQSUyMDIlMjBTYXklQzQlQjElM0ElMjAyJTIwLSUyME5pc2FuJTNDJTJGYSUzRSUzQyUyRmRpdiUzRSUwQSUwQSUzQ2RpdiUyMGNsYXNzJTNEJTIydGV4dHdpZGdldCUyMGN1c3RvbS1odG1sLXdpZGdldCUyMiUzRSUzQ2klMjBjbGFzcyUzRCUyMmZhJTIwZmEtY2FyZXQtZG93biUyMiUzRSUzQyUyRmklM0UlMjAyMDIxJTNDYnIlM0UlMEElM0NpJTIwY2xhc3MlM0QlMjJmYXMlMjBmYS1taW51cyUyMGZhLXNtJTIwdGV4dC1tdXRlZCUyMiUzRSUzQyUyRmklM0UlM0NhJTIwdGFyZ2V0JTNEJTIyX2JsYW5rJTIyJTIwaHJlZiUzRCUyMmh0dHBzJTNBJTJGJTJGd3d3LmVrc2Vuc3RpdHUub3JnLnRyJTJGZGVyZ2klMkZhcnNpdiUyRiUyM2MxczElMjIlM0VDaWx0JTNBJTIwMSUyMFNheSVDNCVCMSUzQSUyMDElMjAtJTIwRWtpbSUzQyUyRmElM0UlM0MlMkZkaXYlM0UlM0MlMkZkaXYlM0U=[\/vc_raw_html][\/vc_column][vc_column width=&#8221;1\/2&#8243;][vc_column_text]<\/p>\r\n\r\n<ul class=\"wp-block-list\">\r\n<li>D\u0130SAR uluslararas\u0131, hakemli, akademik, s\u00fcreli ve elektronik ortamda yay\u0131nlanan bir \u0130lahiyat alan dergisidir.<\/li>\r\n<li>D\u0130SAR&#8217;da Din Sosyolojisinin t\u00fcm alanlar\u0131nda \u00f6zg\u00fcn ara\u015ft\u0131rma, de\u011ferlendirme (makale, kitap, bilimsel toplant\u0131), inceleme, \u00e7eviri, bildiri ve r\u00f6portaj t\u00fcr\u00fc \u00e7al\u0131\u015fmalar yay\u0131mlan\u0131r.<\/li>\r\n<li>Makaleler, en az iki hakem taraf\u0131ndan \u00e7ift tarafl\u0131 k\u00f6r hakemlik de\u011ferlendirmesine tabi tutulur.\u00a0Makale yay\u0131nlamak i\u00e7in herhangi bir \u00fccret \u00f6denmemektedir.<\/li>\r\n<li><strong>Makale Kabul Tarihleri:\u00a0<\/strong>Nisan \u0130\u00e7in:\u00a0<strong>20 Kas\u0131m &#8211; 20 Mart<\/strong>.\u00a0Ekim \u0130\u00e7in:\u00a0<strong>20 May\u0131s &#8211; 20 Eyl\u00fcl<\/strong>.\u00a0Makale yo\u011funlu\u011funa g\u00f6re tarihlerde de\u011fi\u015fiklik olabilmektedir.<\/li>\r\n<li>Dergiye g\u00f6nderilen makalelerin hacmi -edit\u00f6r kurulu karar\u0131 istisna- kaynak\u00e7a ve dipnotlarla birlikte 10000 kelimeyi ge\u00e7memelidir. De\u011ferlendirme t\u00fcr\u00fc \u00e7al\u0131\u015fmalar 4000 kelimeyi a\u015fmamal\u0131d\u0131r.<\/li>\r\n<li><a href=\"https:\/\/www.isnadsistemi.org\/guide\/isnad2\/\">\u0130snad Dipnotlu At\u0131f Sistemi (2. Versiyon)\u00a0<\/a>esas al\u0131nmal\u0131 ve derginin yaz\u0131m kurallar\u0131na uyulmal\u0131d\u0131r.<\/li>\r\n<li>B\u00fct\u00fcn \u00e7al\u0131\u015fmalar ekte yer alan \u00f6rnek makale dosyas\u0131na aktar\u0131larak &#8211; kapaktaki yazar ve makale alt-\u00fcst bilgileri d\u00e2hil &#8211; \u00f6rnek makale word dosyas\u0131 \u00fczerinde d\u00fczenlenmelidir.\u00a0<a href=\"https:\/\/dergipark.org.tr\/tr\/journal\/904\/file\/4472\/download\">Bk. \u00d6RNEK MAKALE DOSYASI<\/a><\/li>\r\n<li>Yazarlar\u0131n\u00a0<strong>ORCID\u00a0<\/strong>numaras\u0131n\u0131 eklemesi gerekmektedir.<\/li>\r\n<li>Her say\u0131da toplam \u00e7al\u0131\u015fma say\u0131s\u0131\u00a0<strong>20 ile s\u0131n\u0131rland\u0131r\u0131lm\u0131\u015ft\u0131r.\u00a0<\/strong>Bu say\u0131y\u0131 a\u015fan \u00e7al\u0131\u015fmalar sonraki say\u0131ya al\u0131nacakt\u0131r.<\/li>\r\n<li>Isnad At\u0131f Sistemi 2. Edisyon&#8217;a ve dergi yaz\u0131m kurallar\u0131na uygun olmayan \u00e7al\u0131\u015fmalar\u00a0<strong>kabul edilmeyecektir.<\/strong><\/li>\r\n<\/ul>\r\n<p>\r\n\r\n[\/vc_column_text][vc_separator][vc_message message_box_color=&#8221;orange&#8221; icon_fontawesome=&#8221;fas fa-calendar-alt&#8221;]<\/p>\r\n<p><a href=\"https:\/\/www.eksenstitu.org.tr\/dergi\/arsiv\/\" target=\"_blank\" rel=\"noopener\">AR\u015e\u0130V<\/a><\/p>\r\n<p>[\/vc_message][vc_message message_box_color=&#8221;alert-info&#8221; icon_fontawesome=&#8221;fas fa-calendar-alt&#8221;]<\/p>\r\n<p>Son Say\u0131 &#8211; 2022<\/p>\r\n<p>[\/vc_message]<div class=\"ult-content-box-container \" >\t\t<div class=\"ult-content-box\" style=\"background-color:#ebebeb;box-shadow: px px px px none;border-style:none;-webkit-transition: all 700ms ease;-moz-transition: all 700ms ease;-ms-transition: all 700ms ease;-o-transition: all 700ms ease;transition: all 700ms ease;\"  data-hover_box_shadow=\"none\"     data-bg=\"#ebebeb\"  data-border_color=\"\" >[vc_message message_box_color=&#8221;grey&#8221; icon_fontawesome=&#8221;fas fa-book&#8221;]<\/p>\r\n<h5><a>Cilt: 2 Say\u0131: 2<\/a><\/h5>\r\n<p>[\/vc_message][vc_message message_box_color=&#8221;grey&#8221; icon_fontawesome=&#8221;fas fa-bookmark&#8221;]<\/p>\r\n<ul>\r\n<li><a href=\"https:\/\/www.eksenstitu.org.tr\/dergi\/wp-content\/uploads\/2022\/04\/c2-s2-2022.pdf\" target=\"_blank\" rel=\"noopener\">Tam Say\u0131 Dosyas\u0131<\/a><\/li>\r\n<\/ul>\r\n<p>[\/vc_message][vc_message message_box_color=&#8221;grey&#8221; icon_fontawesome=&#8221;fas fa-bookmark&#8221;]<\/p>\r\n<ul>\r\n<li><a href=\"https:\/\/www.eksenstitu.org.tr\/dergi\/wp-content\/uploads\/2022\/04\/kapakve-onsayfa-2022.pdf\" target=\"_blank\" rel=\"noopener\">Kapak ve \u00d6n Sayfalar<\/a><\/li>\r\n<\/ul>\r\n<p>[\/vc_message][vc_message message_box_color=&#8221;grey&#8221; icon_fontawesome=&#8221;fas fa-bookmark&#8221;]<\/p>\r\n<ul>\r\n<li style=\"text-align: center; list-style-type: none;\"><a href=\"https:\/\/www.eksenstitu.org.tr\/dergi\/wp-content\/uploads\/sites\/3\/2022\/04\/1-Ragip-Erguun-Darwinde-Sosyal-Darwinizm.pdf\" target=\"_blank\" rel=\"noopener\">1- Darwin&#8217;de Sosyal Darwinizm<\/a><\/li>\r\n<\/ul>\r\n<p style=\"text-align: center;\">Rag\u0131p ERG\u00dcN \/ Sayfa: 1-20<\/p>\r\n<p>[\/vc_message][vc_message message_box_color=&#8221;grey&#8221; icon_fontawesome=&#8221;fas fa-bookmark&#8221;]<\/p>\r\n<ul>\r\n<li style=\"text-align: center; list-style-type: none;\"><a href=\"https:\/\/www.eksenstitu.org.tr\/dergi\/wp-content\/uploads\/sites\/3\/2022\/04\/2-recep-bozkurt-Dinin-ozellesmesi.pdf\" target=\"_blank\" rel=\"noopener\">2- Dinin \u00d6zelle\u015fmesi<\/a><\/li>\r\n<\/ul>\r\n<p style=\"text-align: center;\">Recep BOZKURT \/ Sayfa: 21-34<\/p>\r\n<p>[\/vc_message][vc_message message_box_color=&#8221;grey&#8221; icon_fontawesome=&#8221;fas fa-bookmark&#8221;]<\/p>\r\n<ul>\r\n<li style=\"text-align: center; list-style-type: none;\"><a href=\"https:\/\/www.eksenstitu.org.tr\/dergi\/wp-content\/uploads\/sites\/3\/2022\/04\/3-yusuf-balta-islam-Hukukunda-Nafaka-Sorumlulugunun-Sosyal-Refaha-Katkisi.pdf\" target=\"_blank\" rel=\"noopener\">3- \u0130slam Hukukunda Nafaka Sorumlulu\u011funun Sosyal Refaha Katk\u0131s\u0131<\/a><\/li>\r\n<\/ul>\r\n<p style=\"text-align: center;\">Yusuf BALTA \/ Sayfa: 35-62<\/p>\r\n<p>[\/vc_message][vc_message message_box_color=&#8221;grey&#8221; icon_fontawesome=&#8221;fas fa-bookmark&#8221;]<\/p>\r\n<ul>\r\n<li style=\"text-align: center; list-style-type: none;\"><a href=\"https:\/\/www.eksenstitu.org.tr\/dergi\/wp-content\/uploads\/sites\/3\/2022\/04\/4-mehmet-cilmi-ortadogu-Milliyetciligin-Ortadoguya-Girisi-uzerine-Bir-Degerlendirme-.pdf\" target=\"_blank\" rel=\"noopener\">4- Ortadog\u0306u Milliyetc\u0327ilig\u0306in Ortadog\u0306u\u2019ya Giris\u0327i U\u0308zerine Bir Deg\u0306erlendirme<\/a><\/li>\r\n<\/ul>\r\n<p style=\"text-align: center;\">Mehmet \u00c7\u0130LM\u0130 \/ Sayfa: 63-79<\/p>\r\n<p>[\/vc_message][vc_message message_box_color=&#8221;grey&#8221; icon_fontawesome=&#8221;fas fa-bookmark&#8221;]<\/p>\r\n<ul>\r\n<li style=\"text-align: center; list-style-type: none;\"><a href=\"https:\/\/www.eksenstitu.org.tr\/dergi\/wp-content\/uploads\/sites\/3\/2022\/04\/5.-Beyzanur-Ergun-Sivil-Toplum-ve-Batililasma-Kavramlari-Baglaminda-idris-Kucukomerin-Demokrasi-Algisi.pdf\" target=\"_blank\" rel=\"noopener\">5- Sivil Toplum ve Bat\u0131l\u0131la\u015fma Kavramlar\u0131 Ba\u011flam\u0131nda \u0130dris K\u00fc\u00e7\u00fck\u00f6mer\u2019in Demokrasi Alg\u0131s\u0131<\/a><\/li>\r\n<\/ul>\r\n<p style=\"text-align: center;\">S\u00fcmeyye Beyzanur ERG\u00dcN \/ Sayfa: 80-111<\/p>\r\n<p>[\/vc_message][vc_message message_box_color=&#8221;grey&#8221; icon_fontawesome=&#8221;fas fa-bookmark&#8221;]<\/p>\r\n<ul>\r\n<li style=\"text-align: center; list-style-type: none;\"><a href=\"https:\/\/www.eksenstitu.org.tr\/dergi\/wp-content\/uploads\/sites\/3\/2022\/04\/6-ummugulsum-Kavak-sehir-ve-Sosyoloji.pdf\" target=\"_blank\" rel=\"noopener\">6- S\u0327ehir ve Sosyoloji<\/a><\/li>\r\n<\/ul>\r\n<p style=\"text-align: center;\">\u00dcmm\u00fcg\u00fcls\u00fcm KAVAK\/ Sayfa: 112-117<\/p>\r\n<p>[\/vc_message]\t\t<\/div><\/div>[\/vc_column][vc_column width=&#8221;1\/4&#8243;][vc_row_inner][vc_column_inner css=&#8221;.vc_custom_1623881718397{border-top-width: 1px !important;border-right-width: 1px !important;border-bottom-width: 1px !important;border-left-width: 1px !important;border-left-color: #789ebf !important;border-left-style: solid !important;border-right-color: #789ebf !important;border-right-style: solid !important;border-top-color: #789ebf !important;border-top-style: solid !important;border-bottom-color: #789ebf !important;border-bottom-style: solid !important;}&#8221;][vc_raw_html]JTNDZGl2JTIwaWQlM0QlMjJwb2x5bGFuZy0zJTIyJTIwY2xhc3MlM0QlMjJ3aWRnZXQlMjB3aWRnZXRfcG9seWxhbmclMjIlM0UlM0NoMyUyMGNsYXNzJTNEJTIyd2lkZ2V0dGl0bGUlMjB3aWRnZXQtdGl0bGUlMjIlM0UlQzMlODdldmlyaSUzQyUyRmgzJTNFJTNDbGFiZWwlMjBjbGFzcyUzRCUyMnNjcmVlbi1yZWFkZXItdGV4dCUyMiUyMGZvciUzRCUyMmxhbmdfY2hvaWNlX3BvbHlsYW5nLTMlMjIlM0VUcmFuc2xhdGUlM0MlMkZsYWJlbCUzRSUzQ3NlbGVjdCUyMG5hbWUlM0QlMjJsYW5nX2Nob2ljZV9wb2x5bGFuZy0zJTIyJTIwaWQlM0QlMjJsYW5nX2Nob2ljZV9wb2x5bGFuZy0zJTIyJTNFJTBBJTA5JTNDb3B0aW9uJTIwdmFsdWUlM0QlMjJ0ciUyMiUyMHNlbGVjdGVkJTNEJTI3c2VsZWN0ZWQlMjclM0VUJUMzJUJDcmslQzMlQTdlJTNDJTJGb3B0aW9uJTNFJTBBJTA5JTNDb3B0aW9uJTIwdmFsdWUlM0QlMjJlbiUyMiUzRUVuZ2xpc2glM0MlMkZvcHRpb24lM0UlMEElMEElM0MlMkZzZWxlY3QlM0UlM0MlMkZkaXYlM0UlMEElMEElM0NzY3JpcHQlMjB0eXBlJTNEJTIydGV4dCUyRmphdmFzY3JpcHQlMjIlM0UlMEElMDklMDklMDklMDklMDklMkYlMkYlM0MlMjElNUJDREFUQSU1QiUwQSUwOSUwOSUwOSUwOSUwOXZhciUyMHVybHNfcG9seWxhbmczJTIwJTNEJTIwJTdCJTIydHIlMjIlM0ElMjJodHRwcyUzQSU1QyUyRiU1QyUyRnd3dy5la3NlbnN0aXR1Lm9yZy50ciU1QyUyRmRlcmdpJTVDJTJGJTIyJTJDJTIyZW4lMjIlM0ElMjJodHRwcyUzQSU1QyUyRiU1QyUyRnd3dy5la3NlbnN0aXR1Lm9yZy50ciU1QyUyRmRlcmdpJTVDJTJGZW4lNUMlMkYlMjIlN0QlM0IlMEElMDklMDklMDklMDklMDlkb2N1bWVudC5nZXRFbGVtZW50QnlJZCUyOCUyMCUyMmxhbmdfY2hvaWNlX3BvbHlsYW5nLTMlMjIlMjAlMjkub25jaGFuZ2UlMjAlM0QlMjBmdW5jdGlvbiUyOCUyOSUyMCU3QiUwQSUwOSUwOSUwOSUwOSUwOSUwOWxvY2F0aW9uLmhyZWYlMjAlM0QlMjB1cmxzX3BvbHlsYW5nMyU1QnRoaXMudmFsdWUlNUQlM0IlMEElMDklMDklMDklMDklMDklN0QlMEElMDklMDklMDklMDklMDklMkYlMkYlNUQlNUQlM0UlMEElMDklMDklMDklMDklM0MlMkZzY3JpcHQlM0U=[\/vc_raw_html][vc_wp_search title=&#8221;Dergide Ara&#8221;][\/vc_column_inner][\/vc_row_inner][vc_row_inner][vc_column_inner css=&#8221;.vc_custom_1623881718397{border-top-width: 1px !important;border-right-width: 1px !important;border-bottom-width: 1px !important;border-left-width: 1px !important;border-left-color: #789ebf !important;border-left-style: solid !important;border-right-color: #789ebf !important;border-right-style: solid !important;border-top-color: #789ebf !important;border-top-style: solid !important;border-bottom-color: #789ebf !important;border-bottom-style: solid !important;}&#8221;][vc_raw_html]JTNDc3R5bGUlM0UlMEElMDkuY2FyZC1ib2R5JTdCJTBBJTIwJTIwJTIwJTIwJTIwJTIwJTIwJTIwJTBBJTA5JTdEJTBBJTA5LmJ1dG9uJTdCJTBBJTA5JTA5dGV4dC1hbGlnbiUzQSUyMGNlbnRlciUzQiUwQSUwOSUwOXdpZHRoJTNBJTIwMTAwJTI1JTNCJTBBJTA5JTA5aGVpZ2h0JTNBJTIwMTAwJTI1JTNCJTBBJTA5JTA5Y29sb3IlM0ElMjB3aGl0ZSUzQiUwQSUyMCUyMCUyMCUyMCUyMCUyMCUyMCUyMCUyMCUyMCUyMCUyMCUyMCUyMCUyMCUyMGJhY2tncm91bmQtY29sb3IlM0ElMjAlMjMxMTQ2NjclMjAlM0IlMEElMjAlMjAlMjAlMjAlMjAlMjAlMjAlMjAlMjAlMjAlMjAlMjAlMjAlMjAlMjAlMjBmb250LXNpemUlM0ElMjAxNnB4JTNCJTBBJTIwJTIwJTIwJTIwJTIwJTIwJTIwJTIwJTIwJTIwJTIwJTIwJTIwJTIwJTIwJTIwcGFkZGluZyUzQSUyMDE0cHglMjAyOHB4JTNCJTBBJTIwJTIwJTIwJTIwJTIwJTIwJTIwJTIwJTIwJTIwJTIwJTIwJTIwJTIwJTIwJTIwZm9udC13ZWlnaHQlM0ElMjBib2xkJTNCJTBBJTIwJTIwJTIwJTIwJTIwJTIwJTIwJTIwJTIwJTIwJTIwJTIwJTIwJTIwJTIwJTIwbWFyZ2luLWJvdHRvbSUzQSUyMDVweCUzQiUwQSUyMCUyMCUyMCUyMCUyMCUyMCUyMCUyMCUyMCUyMCUyMCUyMCUyMCUyMCUyMCUyMG1hcmdpbi10b3AlM0ElMjA1cHglM0IlMEElMDklN0QlMEElMjAlMjAlMjAlMjAlMjAlMjAlMjAlMjAuYnV0b25iZXlheiU3QiUwQSUwOSUwOXRleHQtYWxpZ24lM0ElMjBjZW50ZXIlM0IlMEElMDklMDl3aWR0aCUzQSUyMDEwMCUyNSUzQiUwQSUwOSUwOWhlaWdodCUzQSUyMDEwMCUyNSUzQiUwQSUwOSUwOWNvbG9yJTNBJTIwJTIzMDA3M2IxJTNCJTBBJTIwJTIwJTIwJTIwJTIwJTIwJTIwJTIwJTIwJTIwJTIwJTIwJTIwJTIwJTIwJTIwYmFja2dyb3VuZC1jb2xvciUzQSUyMCUyM2Y3ZjdmNyUzQiUwQSUyMCUyMCUyMCUyMCUyMCUyMCUyMCUyMCUyMCUyMCUyMCUyMCUyMCUyMCUyMCUyMGZvbnQtc2l6ZSUzQSUyMDE2cHglM0IlMEElMjAlMjAlMjAlMjAlMjAlMjAlMjAlMjAlMjAlMjAlMjAlMjAlMjAlMjAlMjAlMjBwYWRkaW5nJTNBJTIwMTRweCUyMDI1cHglM0IlMEElMjAlMjAlMjAlMjAlMjAlMjAlMjAlMjAlMjAlMjAlMjAlMjAlMjAlMjAlMjAlMjBmb250LXdlaWdodCUzQSUyMGJvbGQlM0IlMEElMDklN0QlMEElMjAlMjAlMjAlMjAlMjAlMjAlMjAlMjAub3J0YWxhJTdCJTBBJTIwJTIwJTIwJTIwJTIwJTIwJTIwJTIwJTIwJTIwJTIwJTIwJTIwJTIwJTIwJTIwdGV4dC1hbGlnbiUzQSUyMGNlbnRlciUzQiUwQSUyMCUyMCUyMCUyMCUyMCUyMCUyMCUyMCU3RCUwQSUwOS5yZW5rJTdCJTBBJTA5JTA5Y29sb3IlM0ElMjAlMjMzMmFmZGYlM0IlMEElMDklN0QlMEElM0MlMkZzdHlsZSUzRSUwQSUwQSUzQ2RpdiUyMGNsYXNzJTNEJTIyY2FyZC1ib2R5JTIyJTNFJTBBJTNDaDQlMjBjbGFzcyUzRCUyMm9ydGFsYSUyMHJlbmslMjIlM0VNYWthbGUlMjBHJUMzJUI2bmRlcmltJTIwVGFyaWhpJTNDJTJGaDQlM0UlMEElM0NociUyMGNsYXNzJTNEJTIyb3J0YWxhJTIwcmVuayUyMiUzRSUwQSUzQ3NwYW4lM0UlM0NpJTIwY2xhc3MlM0QlMjJpY29tb29uLXRoZTctZm9udC10aGU3LXNvcnQtMDIlMjByZW5rJTIyJTNFJTNDJTJGaSUzRSUyMCUzQ2IlM0VCYSVDNSU5RmxhbmclQzQlQjElQzMlQTclM0ElM0MlMkZiJTNFJTIwMjAlMjBLYXMlQzQlQjFtJTIwMjAyMSUzQyUyRnNwYW4lM0UlM0NiciUzRSUwQSUzQ3NwYW4lM0UlM0NpJTIwY2xhc3MlM0QlMjJpY29tb29uLXRoZTctZm9udC10aGU3LXNvcnQtMDIlMjByZW5rJTIyJTNFJTNDJTJGaSUzRSUyMCUzQ2IlM0VCaXRpJUM1JTlGJTNBJTNDJTJGYiUzRSUyMDIwJTIwTWFydCUyMDIwMjIlM0MlMkZzcGFuJTNFJTBBJTNDYnV0dG9uJTIwb25jbGljayUzRCUyMmxvY2F0aW9uLmhyZWYlM0QlMjdodHRwcyUzQSUyRiUyRnd3dy5la3NlbnN0aXR1Lm9yZy50ciUyRmRlcmdpJTJGbWFrYWxlLWdvbmRlciUyRiUyNyUyMiUyMHR5cGUlM0QlMjJidXR0b24lMjByZW5rJTIyJTIwY2xhc3MlM0QlMjJidXRvbiUyMiUzRU1ha2FsZSUyMEclQzMlQjZuZGVyJTNDJTJGYnV0dG9uJTNFJTBBJTNDYnV0dG9uJTIwb25jbGljayUzRCUyMmxvY2F0aW9uLmhyZWYlM0QlMjdodHRwcyUzQSUyRiUyRnd3dy5la3NlbnN0aXR1Lm9yZy50ciUyRmRlcmdpJTJGaGFrZW1saWstaXN0ZWdpLWdvbmRlciUyRiUyNyUyMiUyMHR5cGUlM0QlMjJidXR0b24lMjIlMjBjbGFzcyUzRCUyMmJ1dG9uYmV5YXolMjIlM0VIYWtlbWxpayUyMCVDNCVCMHN0ZSVDNCU5RmklMjBHJUMzJUI2bmRlciUzQyUyRmJ1dHRvbiUzRSUwQSUzQyUyRmRpdiUzRQ==[\/vc_raw_html][\/vc_column_inner][\/vc_row_inner][vc_row_inner][vc_column_inner css=&#8221;.vc_custom_1623881718397{border-top-width: 1px !important;border-right-width: 1px !important;border-bottom-width: 1px !important;border-left-width: 1px !important;border-left-color: #789ebf !important;border-left-style: solid !important;border-right-color: #789ebf !important;border-right-style: solid !important;border-top-color: #789ebf !important;border-top-style: solid !important;border-bottom-color: #789ebf !important;border-bottom-style: solid !important;}&#8221;][vc_wp_custommenu nav_menu=&#8221;19&#8243;][\/vc_column_inner][\/vc_row_inner][\/vc_column][\/vc_row]<\/p>","protected":false},"excerpt":{"rendered":"<p>[vc_row][vc_column width=&#8221;1\/5&#8243; css=&#8221;.vc_custom_1623881604087{border-top-width: 1px !important;border-right-width: 1px !important;border-bottom-width: 1px !important;border-left-width: 1px !important;border-left-color: #6b97bf !important;border-left-style: solid !important;border-right-color: #6b97bf !important;border-right-style: solid !important;border-top-color: #6b97bf !important;border-top-style: solid !important;border-bottom-color: #6b97bf !important;border-bottom-style: solid !important;}&#8221;][vc_raw_html]JTA5JTA5JTNDZGl2JTIwaWQlM0QlMjdnYWxsZXJ5LTElMjclMjBjbGFzcyUzRCUyN2R0LWdhbGxlcnktY29udGFpbmVyJTIwZ2FsbGVyeSUyMGdhbGxlcnlpZC0xNSUyMGdhbGxlcnktY29sdW1ucy0xJTIwZ2FsbGVyeS1zaXplLWZ1bGwlMjclMjBzdHlsZSUzRCUyMnRleHQtYWxpZ24tbGFzdCUzQSUyMGNlbnRlciUzQiUyMiUzRSUzQ2RsJTIwY2xhc3MlM0QlMjdnYWxsZXJ5LWl0ZW0lMjclM0UlMEElMDklMDklMDklMDklM0NkdCUyMGNsYXNzJTNEJTI3Z2FsbGVyeS1pY29uJTIwcG9ydHJhaXQlMjclM0UlMEElMDklMDklMDklMDklMDklM0NhJTIwY2xhc3MlM0QlMjJyb2xsb3ZlciUyMHJvbGxvdmVyLXpvb20lMjBkdC1wc3dwLWl0ZW0lMjIlMjB0aXRsZSUzRCUyMk5pc2FuJTIwMjAyMiUyMiUyMGRhdGEtZHQtaW1nLWRlc2NyaXB0aW9uJTNEJTIyJTIyJTIwZGF0YS1sYXJnZV9pbWFnZV93aWR0aCUzRCUyMjIwMCUyMiUyMGRhdGEtbGFyZ2VfaW1hZ2VfaGVpZ2h0JTNEJTIyMzAwJTIyaHJlZiUzRCUyN2h0dHBzJTNBJTJGJTJGd3d3LmVrc2Vuc3RpdHUub3JnLnRyJTJGZGVyZ2klMkZ3cC1jb250ZW50JTJGdXBsb2FkcyUyRnNpdGVzJTJGMyUyRjIwMjIlMkYwNCUyRmMyLXMyLTIwMjIuanBnJTI3JTNFJTNDaW1nJTIwd2lkdGglM0QlMjIyMDAlMjIlMjBoZWlnaHQlM0QlMjIzMDAlMjIlMjBzcmMlM0QlMjJodHRwcyUzQSUyRiUyRnd3dy5la3NlbnN0aXR1Lm9yZy50ciUyRmRlcmdpJTJGd3AtY29udGVudCUyRnVwbG9hZHMlMkZzaXRlcyUyRjMlMkYyMDIyJTJGMDQlMkZjMi1zMi0yMDIyLmpwZyUyMiUyMGNsYXNzJTNEJTIyYXR0YWNobWVudC1mdWxsJTIwc2l6ZS1mdWxsJTIyJTIwYWx0JTNEJTIyJTIyJTIwbG9hZGluZyUzRCUyMmxhenklMjIlMjAlMkYlM0UlM0MlMkZhJTNFJTBBJTA5JTA5JTA5JTA5JTNDJTJGZHQlM0UlM0MlMkZkbCUzRSUzQ2JyJTIwc3R5bGUlM0QlMjJjbGVhciUzQSUyMGJvdGglMjIlMjAlMkYlM0UlMEElMDklMDklMDklM0MlMkZkaXYlM0UlMEElM0NiciUzRSUwQSUwQSUzQ2RpdiUyMGlkJTNEJTIyY3VzdG9tX2h0bWwtNCUyMiUyMGNsYXNzJTNEJTIyd2lkZ2V0X3RleHQlMjB3aWRnZXQlMjB3aWRnZXRfY3VzdG9tX2h0bWwlMjIlM0UlM0NoNCUyMGNsYXNzJTNEJTIyd2lkZ2V0LXRpdGxlJTIyJTNFU2F5JUM0JUIxbGFyJTNDJTJGaDQlM0UlMEElMEElM0NkaXYlMjBjbGFzcyUzRCUyMnRleHR3aWRnZXQlMjBjdXN0b20taHRtbC13aWRnZXQlMjIlM0UlM0NpJTIwY2xhc3MlM0QlMjJmYSUyMGZhLWNhcmV0LWRvd24lMjIlM0UlM0MlMkZpJTNFJTIwMjAyMiUzQ2JyJTNFJTBBJTNDaSUyMGNsYXNzJTNEJTIyZmFzJTIwZmEtbWludXMlMjBmYS1zbSUyMHRleHQtbXV0ZWQlMjIlM0UlM0MlMkZpJTNFJTNDYSUyMHRhcmdldCUzRCUyMl9ibGFuayUyMiUyMGhyZWYlM0QlMjJodHRwcyUzQSUyRiUyRnd3dy5la3NlbnN0aXR1Lm9yZy50ciUyRmRlcmdpJTJGYXJzaXYlMkYlMjNjMnMyJTIyJTNFQ2lsdCUzQSUyMDIlMjBTYXklQzQlQjElM0ElMjAyJTIwLSUyME5pc2FuJTNDJTJGYSUzRSUzQyUyRmRpdiUzRSUwQSUwQSUzQ2RpdiUyMGNsYXNzJTNEJTIydGV4dHdpZGdldCUyMGN1c3RvbS1odG1sLXdpZGdldCUyMiUzRSUzQ2klMjBjbGFzcyUzRCUyMmZhJTIwZmEtY2FyZXQtZG93biUyMiUzRSUzQyUyRmklM0UlMjAyMDIxJTNDYnIlM0UlMEElM0NpJTIwY2xhc3MlM0QlMjJmYXMlMjBmYS1taW51cyUyMGZhLXNtJTIwdGV4dC1tdXRlZCUyMiUzRSUzQyUyRmklM0UlM0NhJTIwdGFyZ2V0JTNEJTIyX2JsYW5rJTIyJTIwaHJlZiUzRCUyMmh0dHBzJTNBJTJGJTJGd3d3LmVrc2Vuc3RpdHUub3JnLnRyJTJGZGVyZ2klMkZhcnNpdiUyRiUyM2MxczElMjIlM0VDaWx0JTNBJTIwMSUyMFNheSVDNCVCMSUzQSUyMDElMjAtJTIwRWtpbSUzQyUyRmElM0UlM0MlMkZkaXYlM0UlM0MlMkZkaXYlM0U=[\/vc_raw_html][\/vc_column][vc_column width=&#8221;1\/2&#8243;][vc_column_text] D\u0130SAR uluslararas\u0131, hakemli, akademik, s\u00fcreli ve elektronik ortamda yay\u0131nlanan bir \u0130lahiyat alan dergisidir. D\u0130SAR&#8217;da Din Sosyolojisinin t\u00fcm alanlar\u0131nda \u00f6zg\u00fcn ara\u015ft\u0131rma, de\u011ferlendirme (makale, kitap, bilimsel toplant\u0131), inceleme, \u00e7eviri,&hellip;<\/p>\n","protected":false},"author":1,"featured_media":0,"parent":0,"menu_order":0,"comment_status":"closed","ping_status":"closed","template":"","meta":{"footnotes":""},"class_list":["post-15","page","type-page","status-publish","hentry","description-off"],"_links":{"self":[{"href":"https:\/\/www.eksenstitu.org.tr\/dergi\/wp-json\/wp\/v2\/pages\/15","targetHints":{"allow":["GET"]}}],"collection":[{"href":"https:\/\/www.eksenstitu.org.tr\/dergi\/wp-json\/wp\/v2\/pages"}],"about":[{"href":"https:\/\/www.eksenstitu.org.tr\/dergi\/wp-json\/wp\/v2\/types\/page"}],"author":[{"embeddable":true,"href":"https:\/\/www.eksenstitu.org.tr\/dergi\/wp-json\/wp\/v2\/users\/1"}],"replies":[{"embeddable":true,"href":"https:\/\/www.eksenstitu.org.tr\/dergi\/wp-json\/wp\/v2\/comments?post=15"}],"version-history":[{"count":148,"href":"https:\/\/www.eksenstitu.org.tr\/dergi\/wp-json\/wp\/v2\/pages\/15\/revisions"}],"predecessor-version":[{"id":576,"href":"https:\/\/www.eksenstitu.org.tr\/dergi\/wp-json\/wp\/v2\/pages\/15\/revisions\/576"}],"wp:attachment":[{"href":"https:\/\/www.eksenstitu.org.tr\/dergi\/wp-json\/wp\/v2\/media?parent=15"}],"curies":[{"name":"wp","href":"https:\/\/api.w.org\/{rel}","templated":true}]}}